{"id":2846,"date":"2024-10-08T12:14:26","date_gmt":"2024-10-08T10:14:26","guid":{"rendered":"https:\/\/mrg.k8s.live.devhoop.com\/?page_id=2846"},"modified":"2025-11-11T16:29:27","modified_gmt":"2025-11-11T14:29:27","slug":"pavimenti-sopraelevati-da-interno-in-gres-porcellanato","status":"publish","type":"page","link":"https:\/\/www.mrgengineering.it\/en\/products\/floor-over-elevated-interiors-in-gres-porcelain\/","title":{"rendered":"Pavimenti sopraelevati da interno in gres porcellanato"},"content":{"rendered":"<div data-elementor-type=\"wp-page\" data-elementor-id=\"2846\" class=\"elementor elementor-2846\" data-elementor-post-type=\"page\">\n\t\t\t\t<div class=\"elementor-element elementor-element-b2d3d14 e-con-full e-flex e-con e-parent\" data-id=\"b2d3d14\" data-element_type=\"container\">\n\t\t\t\t<div class=\"elementor-element elementor-element-1016e04 elementor--h-position-left elementor--v-position-bottom elementor-arrows-position-inside elementor-pagination-position-inside elementor-widget elementor-widget-slides\" data-id=\"1016e04\" data-element_type=\"widget\" data-settings=\"{&quot;navigation&quot;:&quot;both&quot;,&quot;autoplay&quot;:&quot;yes&quot;,&quot;pause_on_hover&quot;:&quot;yes&quot;,&quot;pause_on_interaction&quot;:&quot;yes&quot;,&quot;autoplay_speed&quot;:5000,&quot;infinite&quot;:&quot;yes&quot;,&quot;transition&quot;:&quot;slide&quot;,&quot;transition_speed&quot;:500}\" data-widget_type=\"slides.default\">\n\t\t\t\t<div class=\"elementor-widget-container\">\n\t\t\t\t\t\t\t\t\t<div class=\"elementor-swiper\">\n\t\t\t\t\t<div class=\"elementor-slides-wrapper elementor-main-swiper swiper\" role=\"region\" aria-roledescription=\"carousel\" aria-label=\"Slides\" dir=\"ltr\" data-animation=\"fadeInUp\">\n\t\t\t\t<div class=\"swiper-wrapper elementor-slides\">\n\t\t\t\t\t\t\t\t\t\t<div class=\"elementor-repeater-item-e7bf693 swiper-slide\" role=\"group\" aria-roledescription=\"slide\"><div class=\"swiper-slide-bg\" role=\"img\"><\/div><div class=\"swiper-slide-inner\" ><div class=\"swiper-slide-contents\"><div class=\"elementor-slide-heading translation-block\">Raised floors <br><b>for indoor<\/b><\/div><div class=\"elementor-slide-description\">Discover our solutions<\/div><\/div><\/div><\/div>\t\t\t\t<\/div>\n\t\t\t\t\t\t\t<\/div>\n\t\t\t\t<\/div>\n\t\t\t\t\t\t\t\t<\/div>\n\t\t\t\t<\/div>\n\t\t\t\t<\/div>\n\t\t<div class=\"elementor-element elementor-element-568ab1b e-con-full e-flex e-con e-parent\" data-id=\"568ab1b\" data-element_type=\"container\">\n\t\t\t\t<div class=\"elementor-element elementor-element-39b1218 elementor-widget elementor-widget-heading\" data-id=\"39b1218\" data-element_type=\"widget\" data-widget_type=\"heading.default\">\n\t\t\t\t<div class=\"elementor-widget-container\">\n\t\t\t\t\t<h2 class=\"elementor-heading-title elementor-size-default\">What is a technical raise floor for indoor?<\/h2>\t\t\t\t<\/div>\n\t\t\t\t<\/div>\n\t\t\t\t<div class=\"elementor-element elementor-element-5188d16 elementor-widget elementor-widget-text-editor\" data-id=\"5188d16\" data-element_type=\"widget\" data-widget_type=\"text-editor.default\">\n\t\t\t\t<div class=\"elementor-widget-container\">\n\t\t\t\t\t\t\t\t\t<p class=\"translation-block\"><b>Raised floors for interiors in porcelain stoneware are an innovative solution for interior design. <\/b>They are, in fact, able to offer numerous advantages in terms of flexibility, maintenance and aesthetics. This type of flooring is popular in technical environments, such as offices and server rooms, but it\u2019s also becoming increasingly common in private homes.<\/p>\t\t\t\t\t\t\t\t<\/div>\n\t\t\t\t<\/div>\n\t\t\t\t<div class=\"elementor-element elementor-element-20f4a32 elementor-widget elementor-widget-heading\" data-id=\"20f4a32\" data-element_type=\"widget\" data-widget_type=\"heading.default\">\n\t\t\t\t<div class=\"elementor-widget-container\">\n\t\t\t\t\t<h2 class=\"elementor-heading-title elementor-size-default\">Advantages of raised floors<\/h2>\t\t\t\t<\/div>\n\t\t\t\t<\/div>\n\t\t\t\t<div class=\"elementor-element elementor-element-83e05f8 elementor-widget elementor-widget-text-editor\" data-id=\"83e05f8\" data-element_type=\"widget\" data-widget_type=\"text-editor.default\">\n\t\t\t\t<div class=\"elementor-widget-container\">\n\t\t\t\t\t\t\t\t\t<p><span style=\"font-weight: 400;\"><b>Uno dei principali vantaggi dei pavimenti sopraelevati \u00e8 la loro flessibilit\u00e0 e modularit\u00e0.<\/b> Consentono infatti un facile accesso agli impianti tecnici sottostanti, come cavi e tubazioni, semplificando notevolmente qualsiasi manutenzione. La possibilit\u00e0 di sostituire singoli pannelli senza dover rimuovere l&#8217;intera pavimentazione rappresenta poi un ulteriore punto di forza.<\/span><\/p>\t\t\t\t\t\t\t\t<\/div>\n\t\t\t\t<\/div>\n\t\t\t\t<div class=\"elementor-element elementor-element-bb6e736 elementor-widget elementor-widget-heading\" data-id=\"bb6e736\" data-element_type=\"widget\" data-widget_type=\"heading.default\">\n\t\t\t\t<div class=\"elementor-widget-container\">\n\t\t\t\t\t<h3 class=\"elementor-heading-title elementor-size-default\">Design and aesthetics<\/h3>\t\t\t\t<\/div>\n\t\t\t\t<\/div>\n\t\t\t\t<div class=\"elementor-element elementor-element-74ef6fe elementor-widget elementor-widget-text-editor\" data-id=\"74ef6fe\" data-element_type=\"widget\" data-widget_type=\"text-editor.default\">\n\t\t\t\t<div class=\"elementor-widget-container\">\n\t\t\t\t\t\t\t\t\t<p class=\"translation-block\"><b>Aesthetics is a key aspect for this type of flooring, <\/b>which can be customised to perfectly match the interior design. In fact, the choice of materials, finishes and colours makes it possible to give life to unique and appealing environments in line with contemporary interior design trends.<\/p>\t\t\t\t\t\t\t\t<\/div>\n\t\t\t\t<\/div>\n\t\t\t\t<\/div>\n\t\t<div data-dce-background-color=\"#F7F7F7\" class=\"elementor-element elementor-element-fc95957 e-con-full e-flex e-con e-parent\" data-id=\"fc95957\" data-element_type=\"container\" data-settings=\"{&quot;background_background&quot;:&quot;classic&quot;}\">\n\t\t<div class=\"elementor-element elementor-element-30c1327 e-flex e-con-boxed e-con e-child\" data-id=\"30c1327\" data-element_type=\"container\">\n\t\t\t\t\t<div class=\"e-con-inner\">\n\t\t\t\t<div class=\"elementor-element elementor-element-9fae7ca elementor-widget elementor-widget-image\" data-id=\"9fae7ca\" data-element_type=\"widget\" data-widget_type=\"image.default\">\n\t\t\t\t<div class=\"elementor-widget-container\">\n\t\t\t\t\t\t\t\t\t\t\t\t\t\t\t<img fetchpriority=\"high\" decoding=\"async\" width=\"440\" height=\"345\" src=\"https:\/\/www.mrgengineering.it\/wp-content\/uploads\/2024\/11\/tipologia-pannelli-V-new.jpg\" class=\"attachment-full size-full wp-image-3752\" alt=\"\" srcset=\"https:\/\/www.mrgengineering.it\/wp-content\/uploads\/2024\/11\/tipologia-pannelli-V-new.jpg 440w, https:\/\/www.mrgengineering.it\/wp-content\/uploads\/2024\/11\/tipologia-pannelli-V-new-300x235.jpg 300w\" sizes=\"(max-width: 440px) 100vw, 440px\" \/>\t\t\t\t\t\t\t\t\t\t\t\t\t\t\t<\/div>\n\t\t\t\t<\/div>\n\t\t\t\t\t<\/div>\n\t\t\t\t<\/div>\n\t\t<div class=\"elementor-element elementor-element-a53afe1 e-flex e-con-boxed e-con e-child\" data-id=\"a53afe1\" data-element_type=\"container\">\n\t\t\t\t\t<div class=\"e-con-inner\">\n\t\t<div class=\"elementor-element elementor-element-ed363f2 e-flex e-con-boxed e-con e-child\" data-id=\"ed363f2\" data-element_type=\"container\">\n\t\t\t\t\t<div class=\"e-con-inner\">\n\t\t\t\t<div class=\"elementor-element elementor-element-b1f5b18 elementor-widget elementor-widget-heading\" data-id=\"b1f5b18\" data-element_type=\"widget\" data-widget_type=\"heading.default\">\n\t\t\t\t<div class=\"elementor-widget-container\">\n\t\t\t\t\t<h2 class=\"elementor-heading-title elementor-size-default\">Types of panels\n\n<\/h2>\t\t\t\t<\/div>\n\t\t\t\t<\/div>\n\t\t\t\t<div class=\"elementor-element elementor-element-5db4420 elementor-widget elementor-widget-text-editor\" data-id=\"5db4420\" data-element_type=\"widget\" data-widget_type=\"text-editor.default\">\n\t\t\t\t<div class=\"elementor-widget-container\">\n\t\t\t\t\t\t\t\t\t<p><span style=\"font-weight: 400;\">Scopri le tipologie di pannelli <strong>DB30,<\/strong> <strong>DB30U<\/strong>, <strong>FC125<\/strong>, <strong>Chipboard<\/strong> ed <strong>EVOI<\/strong> di MRG Engineering.<\/span><\/p>\t\t\t\t\t\t\t\t<\/div>\n\t\t\t\t<\/div>\n\t\t\t\t<div class=\"elementor-element elementor-element-7d54df4 elementor-align-left elementor-widget elementor-widget-button\" data-id=\"7d54df4\" data-element_type=\"widget\" data-widget_type=\"button.default\">\n\t\t\t\t<div class=\"elementor-widget-container\">\n\t\t\t\t\t\t\t\t\t<div class=\"elementor-button-wrapper\">\n\t\t\t\t\t<a class=\"elementor-button elementor-button-link elementor-size-sm\" href=\"\/en\/products\/over-elevated-floors-from-inside-types-of-panels\/\">\n\t\t\t\t\t\t<span class=\"elementor-button-content-wrapper\">\n\t\t\t\t\t\t<span class=\"elementor-button-icon\">\n\t\t\t\t<svg aria-hidden=\"true\" class=\"e-font-icon-svg e-fas-arrow-right\" viewbox=\"0 0 448 512\" xmlns=\"http:\/\/www.w3.org\/2000\/svg\"><path d=\"M190.5 66.9l22.2-22.2c9.4-9.4 24.6-9.4 33.9 0L441 239c9.4 9.4 9.4 24.6 0 33.9L246.6 467.3c-9.4 9.4-24.6 9.4-33.9 0l-22.2-22.2c-9.5-9.5-9.3-25 .4-34.3L311.4 296H24c-13.3 0-24-10.7-24-24v-32c0-13.3 10.7-24 24-24h287.4L190.9 101.2c-9.8-9.3-10-24.8-.4-34.3z\"><\/path><\/svg>\t\t\t<\/span>\n\t\t\t\t\t\t\t\t\t<span class=\"elementor-button-text\">Explore<\/span>\n\t\t\t\t\t<\/span>\n\t\t\t\t\t<\/a>\n\t\t\t\t<\/div>\n\t\t\t\t\t\t\t\t<\/div>\n\t\t\t\t<\/div>\n\t\t\t\t\t<\/div>\n\t\t\t\t<\/div>\n\t\t\t\t\t<\/div>\n\t\t\t\t<\/div>\n\t\t\t\t<\/div>\n\t\t<div data-dce-background-color=\"#F7F7F7\" class=\"elementor-element elementor-element-4fdafd6 e-con-full e-flex e-con e-parent\" data-id=\"4fdafd6\" data-element_type=\"container\" data-settings=\"{&quot;background_background&quot;:&quot;classic&quot;}\">\n\t\t<div class=\"elementor-element elementor-element-23a2d0b e-flex e-con-boxed e-con e-child\" data-id=\"23a2d0b\" data-element_type=\"container\">\n\t\t\t\t\t<div class=\"e-con-inner\">\n\t\t<div class=\"elementor-element elementor-element-f121073 e-flex e-con-boxed e-con e-child\" data-id=\"f121073\" data-element_type=\"container\">\n\t\t\t\t\t<div class=\"e-con-inner\">\n\t\t\t\t<div class=\"elementor-element elementor-element-bf5250d elementor-widget elementor-widget-heading\" data-id=\"bf5250d\" data-element_type=\"widget\" data-widget_type=\"heading.default\">\n\t\t\t\t<div class=\"elementor-widget-container\">\n\t\t\t\t\t<h2 class=\"elementor-heading-title elementor-size-default\">Substructure systems\n<\/h2>\t\t\t\t<\/div>\n\t\t\t\t<\/div>\n\t\t\t\t<div class=\"elementor-element elementor-element-ad7df5c elementor-widget elementor-widget-text-editor\" data-id=\"ad7df5c\" data-element_type=\"widget\" data-widget_type=\"text-editor.default\">\n\t\t\t\t<div class=\"elementor-widget-container\">\n\t\t\t\t\t\t\t\t\t<p class=\"translation-block\">Discover the substructure systems <strong>S<\/strong>, <strong>E<\/strong> by MRG Engineering.<\/p>\t\t\t\t\t\t\t\t<\/div>\n\t\t\t\t<\/div>\n\t\t\t\t<div class=\"elementor-element elementor-element-a5754d8 elementor-align-left elementor-widget elementor-widget-button\" data-id=\"a5754d8\" data-element_type=\"widget\" data-widget_type=\"button.default\">\n\t\t\t\t<div class=\"elementor-widget-container\">\n\t\t\t\t\t\t\t\t\t<div class=\"elementor-button-wrapper\">\n\t\t\t\t\t<a class=\"elementor-button elementor-button-link elementor-size-sm\" href=\"\/en\/products\/over-elevated-floors-from-interior-substructure-systems\/\">\n\t\t\t\t\t\t<span class=\"elementor-button-content-wrapper\">\n\t\t\t\t\t\t<span class=\"elementor-button-icon\">\n\t\t\t\t<svg aria-hidden=\"true\" class=\"e-font-icon-svg e-fas-arrow-right\" viewbox=\"0 0 448 512\" xmlns=\"http:\/\/www.w3.org\/2000\/svg\"><path d=\"M190.5 66.9l22.2-22.2c9.4-9.4 24.6-9.4 33.9 0L441 239c9.4 9.4 9.4 24.6 0 33.9L246.6 467.3c-9.4 9.4-24.6 9.4-33.9 0l-22.2-22.2c-9.5-9.5-9.3-25 .4-34.3L311.4 296H24c-13.3 0-24-10.7-24-24v-32c0-13.3 10.7-24 24-24h287.4L190.9 101.2c-9.8-9.3-10-24.8-.4-34.3z\"><\/path><\/svg>\t\t\t<\/span>\n\t\t\t\t\t\t\t\t\t<span class=\"elementor-button-text\">Explore<\/span>\n\t\t\t\t\t<\/span>\n\t\t\t\t\t<\/a>\n\t\t\t\t<\/div>\n\t\t\t\t\t\t\t\t<\/div>\n\t\t\t\t<\/div>\n\t\t\t\t\t<\/div>\n\t\t\t\t<\/div>\n\t\t\t\t\t<\/div>\n\t\t\t\t<\/div>\n\t\t<div class=\"elementor-element elementor-element-893df1a e-flex e-con-boxed e-con e-child\" data-id=\"893df1a\" data-element_type=\"container\">\n\t\t\t\t\t<div class=\"e-con-inner\">\n\t\t\t\t<div class=\"elementor-element elementor-element-acd18da elementor-widget elementor-widget-image\" data-id=\"acd18da\" data-element_type=\"widget\" data-widget_type=\"image.default\">\n\t\t\t\t<div class=\"elementor-widget-container\">\n\t\t\t\t\t\t\t\t\t\t\t\t\t\t\t<img decoding=\"async\" width=\"440\" height=\"345\" src=\"https:\/\/www.mrgengineering.it\/wp-content\/uploads\/2024\/11\/tipologia-pannelli-W-new.jpg\" class=\"attachment-full size-full wp-image-3753\" alt=\"\" srcset=\"https:\/\/www.mrgengineering.it\/wp-content\/uploads\/2024\/11\/tipologia-pannelli-W-new.jpg 440w, https:\/\/www.mrgengineering.it\/wp-content\/uploads\/2024\/11\/tipologia-pannelli-W-new-300x235.jpg 300w\" sizes=\"(max-width: 440px) 100vw, 440px\" \/>\t\t\t\t\t\t\t\t\t\t\t\t\t\t\t<\/div>\n\t\t\t\t<\/div>\n\t\t\t\t\t<\/div>\n\t\t\t\t<\/div>\n\t\t\t\t<\/div>\n\t\t\t\t<\/div>","protected":false},"excerpt":{"rendered":"<p>Pavimenti sopraelevati da internoScopri le nostre soluzioni Cos&#8217;\u00e8 un pavimento sopraelevato da interno? I pavimenti sopraelevati da interno in gres porcellanato rappresentano una soluzione innovativa per l&#8217;interior design. Sono, infatti, in grado di offrire numerosi vantaggi in termini di flessibilit\u00e0, manutenzione ed estetica. Si tratta di un tipo di pavimentazione molto apprezzata in ambienti tecnici, &hellip;<\/p>\n<p class=\"read-more\"> <a class=\"\" href=\"https:\/\/www.mrgengineering.it\/en\/products\/floor-over-elevated-interiors-in-gres-porcelain\/\"> <span class=\"screen-reader-text\">Pavimenti sopraelevati da interno in gres porcellanato<\/span> Read More &raquo;<\/a><\/p>","protected":false},"author":1,"featured_media":2323,"parent":2363,"menu_order":0,"comment_status":"closed","ping_status":"closed","template":"","meta":{"site-sidebar-layout":"no-sidebar","site-content-layout":"page-builder","ast-global-header-display":"","ast-main-header-display":"","ast-hfb-above-header-display":"","ast-hfb-below-header-display":"","ast-hfb-mobile-header-display":"","site-post-title":"disabled","ast-breadcrumbs-content":"","ast-featured-img":"disabled","footer-sml-layout":"","theme-transparent-header-meta":"","adv-header-id-meta":"","stick-header-meta":"","header-above-stick-meta":"","header-main-stick-meta":"","header-below-stick-meta":"","footnotes":""},"class_list":["post-2846","page","type-page","status-publish","has-post-thumbnail","hentry"],"acf":[],"yoast_head":"<!-- This site is optimized with the Yoast SEO plugin v25.2 - https:\/\/yoast.com\/wordpress\/plugins\/seo\/ -->\n<title>Pavimenti sopraelevati da interno in gres porcellanato: flessibilit\u00e0 e design<\/title>\n<meta name=\"description\" content=\"Scopri i vantaggi dei pavimenti sopraelevati da interno: accesso facile agli impianti tecnici, efficienza energetica e design personalizzabile per uffici e abitazioni.\" \/>\n<meta name=\"robots\" content=\"index, follow, max-snippet:-1, max-image-preview:large, max-video-preview:-1\" \/>\n<link rel=\"canonical\" href=\"https:\/\/www.mrgengineering.it\/en\/products\/floor-over-elevated-interiors-in-gres-porcelain\/\" \/>\n<meta property=\"og:locale\" content=\"en_GB\" \/>\n<meta property=\"og:type\" content=\"article\" \/>\n<meta property=\"og:title\" content=\"Pavimenti sopraelevati da interno in gres porcellanato: flessibilit\u00e0 e design\" \/>\n<meta property=\"og:description\" content=\"Scopri i vantaggi dei pavimenti sopraelevati da interno: accesso facile agli impianti tecnici, efficienza energetica e design personalizzabile per uffici e abitazioni.\" \/>\n<meta property=\"og:url\" content=\"https:\/\/www.mrgengineering.it\/en\/products\/floor-over-elevated-interiors-in-gres-porcelain\/\" \/>\n<meta property=\"og:site_name\" content=\"MRG Engineering\" \/>\n<meta property=\"article:modified_time\" content=\"2025-11-11T14:29:27+00:00\" \/>\n<meta property=\"og:image\" content=\"https:\/\/www.mrgengineering.it\/wp-content\/uploads\/2024\/05\/Progetti-con-facciate-ventilate-ad-aggancio-invisibile.jpg\" \/>\n\t<meta property=\"og:image:width\" content=\"1000\" \/>\n\t<meta property=\"og:image:height\" content=\"738\" \/>\n\t<meta property=\"og:image:type\" content=\"image\/jpeg\" \/>\n<meta name=\"twitter:card\" content=\"summary_large_image\" \/>\n<meta name=\"twitter:label1\" content=\"Estimated reading time\" \/>\n\t<meta name=\"twitter:data1\" content=\"2 minutes\" \/>\n<script type=\"application\/ld+json\" class=\"yoast-schema-graph\">{\"@context\":\"https:\/\/schema.org\",\"@graph\":[{\"@type\":\"WebPage\",\"@id\":\"https:\/\/www.mrgengineering.it\/prodotti\/pavimenti-sopraelevati-da-interno-in-gres-porcellanato\/\",\"url\":\"https:\/\/www.mrgengineering.it\/prodotti\/pavimenti-sopraelevati-da-interno-in-gres-porcellanato\/\",\"name\":\"Pavimenti sopraelevati da interno in gres porcellanato: flessibilit\u00e0 e design\",\"isPartOf\":{\"@id\":\"https:\/\/www.mrgengineering.it\/#website\"},\"primaryImageOfPage\":{\"@id\":\"https:\/\/www.mrgengineering.it\/prodotti\/pavimenti-sopraelevati-da-interno-in-gres-porcellanato\/#primaryimage\"},\"image\":{\"@id\":\"https:\/\/www.mrgengineering.it\/prodotti\/pavimenti-sopraelevati-da-interno-in-gres-porcellanato\/#primaryimage\"},\"thumbnailUrl\":\"https:\/\/www.mrgengineering.it\/wp-content\/uploads\/2024\/05\/Progetti-con-facciate-ventilate-ad-aggancio-invisibile.jpg\",\"datePublished\":\"2024-10-08T10:14:26+00:00\",\"dateModified\":\"2025-11-11T14:29:27+00:00\",\"description\":\"Scopri i vantaggi dei pavimenti sopraelevati da interno: accesso facile agli impianti tecnici, efficienza energetica e design personalizzabile per uffici e abitazioni.\",\"breadcrumb\":{\"@id\":\"https:\/\/www.mrgengineering.it\/prodotti\/pavimenti-sopraelevati-da-interno-in-gres-porcellanato\/#breadcrumb\"},\"inLanguage\":\"en-GB\",\"potentialAction\":[{\"@type\":\"ReadAction\",\"target\":[\"https:\/\/www.mrgengineering.it\/prodotti\/pavimenti-sopraelevati-da-interno-in-gres-porcellanato\/\"]}]},{\"@type\":\"ImageObject\",\"inLanguage\":\"en-GB\",\"@id\":\"https:\/\/www.mrgengineering.it\/prodotti\/pavimenti-sopraelevati-da-interno-in-gres-porcellanato\/#primaryimage\",\"url\":\"https:\/\/www.mrgengineering.it\/wp-content\/uploads\/2024\/05\/Progetti-con-facciate-ventilate-ad-aggancio-invisibile.jpg\",\"contentUrl\":\"https:\/\/www.mrgengineering.it\/wp-content\/uploads\/2024\/05\/Progetti-con-facciate-ventilate-ad-aggancio-invisibile.jpg\",\"width\":1000,\"height\":738},{\"@type\":\"BreadcrumbList\",\"@id\":\"https:\/\/www.mrgengineering.it\/prodotti\/pavimenti-sopraelevati-da-interno-in-gres-porcellanato\/#breadcrumb\",\"itemListElement\":[{\"@type\":\"ListItem\",\"position\":1,\"name\":\"Home\",\"item\":\"https:\/\/www.mrgengineering.it\/\"},{\"@type\":\"ListItem\",\"position\":2,\"name\":\"Prodotti\",\"item\":\"https:\/\/www.mrgengineering.it\/prodotti\/\"},{\"@type\":\"ListItem\",\"position\":3,\"name\":\"Pavimenti sopraelevati da interno in gres porcellanato\"}]},{\"@type\":\"WebSite\",\"@id\":\"https:\/\/www.mrgengineering.it\/#website\",\"url\":\"https:\/\/www.mrgengineering.it\/\",\"name\":\"MRG Engineering\",\"description\":\"\",\"publisher\":{\"@id\":\"https:\/\/www.mrgengineering.it\/#organization\"},\"potentialAction\":[{\"@type\":\"SearchAction\",\"target\":{\"@type\":\"EntryPoint\",\"urlTemplate\":\"https:\/\/www.mrgengineering.it\/?s={search_term_string}\"},\"query-input\":{\"@type\":\"PropertyValueSpecification\",\"valueRequired\":true,\"valueName\":\"search_term_string\"}}],\"inLanguage\":\"en-GB\"},{\"@type\":\"Organization\",\"@id\":\"https:\/\/www.mrgengineering.it\/#organization\",\"name\":\"MRG Engineering\",\"url\":\"https:\/\/www.mrgengineering.it\/\",\"logo\":{\"@type\":\"ImageObject\",\"inLanguage\":\"en-GB\",\"@id\":\"https:\/\/www.mrgengineering.it\/#\/schema\/logo\/image\/\",\"url\":\"https:\/\/www.mrgengineering.it\/wp-content\/uploads\/2024\/03\/LOGO-1.svg\",\"contentUrl\":\"https:\/\/www.mrgengineering.it\/wp-content\/uploads\/2024\/03\/LOGO-1.svg\",\"width\":331,\"height\":130,\"caption\":\"MRG Engineering\"},\"image\":{\"@id\":\"https:\/\/www.mrgengineering.it\/#\/schema\/logo\/image\/\"}}]}<\/script>\n<!-- \/ Yoast SEO plugin. -->","yoast_head_json":{"title":"Pavimenti sopraelevati da interno in gres porcellanato: flessibilit\u00e0 e design","description":"Scopri i vantaggi dei pavimenti sopraelevati da interno: accesso facile agli impianti tecnici, efficienza energetica e design personalizzabile per uffici e abitazioni.","robots":{"index":"index","follow":"follow","max-snippet":"max-snippet:-1","max-image-preview":"max-image-preview:large","max-video-preview":"max-video-preview:-1"},"canonical":"https:\/\/www.mrgengineering.it\/en\/products\/floor-over-elevated-interiors-in-gres-porcelain\/","og_locale":"en_GB","og_type":"article","og_title":"Pavimenti sopraelevati da interno in gres porcellanato: flessibilit\u00e0 e design","og_description":"Scopri i vantaggi dei pavimenti sopraelevati da interno: accesso facile agli impianti tecnici, efficienza energetica e design personalizzabile per uffici e abitazioni.","og_url":"https:\/\/www.mrgengineering.it\/en\/products\/floor-over-elevated-interiors-in-gres-porcelain\/","og_site_name":"MRG Engineering","article_modified_time":"2025-11-11T14:29:27+00:00","og_image":[{"width":1000,"height":738,"url":"https:\/\/www.mrgengineering.it\/wp-content\/uploads\/2024\/05\/Progetti-con-facciate-ventilate-ad-aggancio-invisibile.jpg","type":"image\/jpeg"}],"twitter_card":"summary_large_image","twitter_misc":{"Estimated reading time":"2 minutes"},"schema":{"@context":"https:\/\/schema.org","@graph":[{"@type":"WebPage","@id":"https:\/\/www.mrgengineering.it\/prodotti\/pavimenti-sopraelevati-da-interno-in-gres-porcellanato\/","url":"https:\/\/www.mrgengineering.it\/prodotti\/pavimenti-sopraelevati-da-interno-in-gres-porcellanato\/","name":"Pavimenti sopraelevati da interno in gres porcellanato: flessibilit\u00e0 e design","isPartOf":{"@id":"https:\/\/www.mrgengineering.it\/#website"},"primaryImageOfPage":{"@id":"https:\/\/www.mrgengineering.it\/prodotti\/pavimenti-sopraelevati-da-interno-in-gres-porcellanato\/#primaryimage"},"image":{"@id":"https:\/\/www.mrgengineering.it\/prodotti\/pavimenti-sopraelevati-da-interno-in-gres-porcellanato\/#primaryimage"},"thumbnailUrl":"https:\/\/www.mrgengineering.it\/wp-content\/uploads\/2024\/05\/Progetti-con-facciate-ventilate-ad-aggancio-invisibile.jpg","datePublished":"2024-10-08T10:14:26+00:00","dateModified":"2025-11-11T14:29:27+00:00","description":"Scopri i vantaggi dei pavimenti sopraelevati da interno: accesso facile agli impianti tecnici, efficienza energetica e design personalizzabile per uffici e abitazioni.","breadcrumb":{"@id":"https:\/\/www.mrgengineering.it\/prodotti\/pavimenti-sopraelevati-da-interno-in-gres-porcellanato\/#breadcrumb"},"inLanguage":"en-GB","potentialAction":[{"@type":"ReadAction","target":["https:\/\/www.mrgengineering.it\/prodotti\/pavimenti-sopraelevati-da-interno-in-gres-porcellanato\/"]}]},{"@type":"ImageObject","inLanguage":"en-GB","@id":"https:\/\/www.mrgengineering.it\/prodotti\/pavimenti-sopraelevati-da-interno-in-gres-porcellanato\/#primaryimage","url":"https:\/\/www.mrgengineering.it\/wp-content\/uploads\/2024\/05\/Progetti-con-facciate-ventilate-ad-aggancio-invisibile.jpg","contentUrl":"https:\/\/www.mrgengineering.it\/wp-content\/uploads\/2024\/05\/Progetti-con-facciate-ventilate-ad-aggancio-invisibile.jpg","width":1000,"height":738},{"@type":"BreadcrumbList","@id":"https:\/\/www.mrgengineering.it\/prodotti\/pavimenti-sopraelevati-da-interno-in-gres-porcellanato\/#breadcrumb","itemListElement":[{"@type":"ListItem","position":1,"name":"Home","item":"https:\/\/www.mrgengineering.it\/"},{"@type":"ListItem","position":2,"name":"Prodotti","item":"https:\/\/www.mrgengineering.it\/prodotti\/"},{"@type":"ListItem","position":3,"name":"Pavimenti sopraelevati da interno in gres porcellanato"}]},{"@type":"WebSite","@id":"https:\/\/www.mrgengineering.it\/#website","url":"https:\/\/www.mrgengineering.it\/","name":"MRG Engineering","description":"","publisher":{"@id":"https:\/\/www.mrgengineering.it\/#organization"},"potentialAction":[{"@type":"SearchAction","target":{"@type":"EntryPoint","urlTemplate":"https:\/\/www.mrgengineering.it\/?s={search_term_string}"},"query-input":{"@type":"PropertyValueSpecification","valueRequired":true,"valueName":"search_term_string"}}],"inLanguage":"en-GB"},{"@type":"Organization","@id":"https:\/\/www.mrgengineering.it\/#organization","name":"MRG Engineering","url":"https:\/\/www.mrgengineering.it\/","logo":{"@type":"ImageObject","inLanguage":"en-GB","@id":"https:\/\/www.mrgengineering.it\/#\/schema\/logo\/image\/","url":"https:\/\/www.mrgengineering.it\/wp-content\/uploads\/2024\/03\/LOGO-1.svg","contentUrl":"https:\/\/www.mrgengineering.it\/wp-content\/uploads\/2024\/03\/LOGO-1.svg","width":331,"height":130,"caption":"MRG Engineering"},"image":{"@id":"https:\/\/www.mrgengineering.it\/#\/schema\/logo\/image\/"}}]}},"_links":{"self":[{"href":"https:\/\/www.mrgengineering.it\/en\/wp-json\/wp\/v2\/pages\/2846","targetHints":{"allow":["GET"]}}],"collection":[{"href":"https:\/\/www.mrgengineering.it\/en\/wp-json\/wp\/v2\/pages"}],"about":[{"href":"https:\/\/www.mrgengineering.it\/en\/wp-json\/wp\/v2\/types\/page"}],"author":[{"embeddable":true,"href":"https:\/\/www.mrgengineering.it\/en\/wp-json\/wp\/v2\/users\/1"}],"replies":[{"embeddable":true,"href":"https:\/\/www.mrgengineering.it\/en\/wp-json\/wp\/v2\/comments?post=2846"}],"version-history":[{"count":55,"href":"https:\/\/www.mrgengineering.it\/en\/wp-json\/wp\/v2\/pages\/2846\/revisions"}],"predecessor-version":[{"id":4931,"href":"https:\/\/www.mrgengineering.it\/en\/wp-json\/wp\/v2\/pages\/2846\/revisions\/4931"}],"up":[{"embeddable":true,"href":"https:\/\/www.mrgengineering.it\/en\/wp-json\/wp\/v2\/pages\/2363"}],"wp:featuredmedia":[{"embeddable":true,"href":"https:\/\/www.mrgengineering.it\/en\/wp-json\/wp\/v2\/media\/2323"}],"wp:attachment":[{"href":"https:\/\/www.mrgengineering.it\/en\/wp-json\/wp\/v2\/media?parent=2846"}],"curies":[{"name":"wp","href":"https:\/\/api.w.org\/{rel}","templated":true}]}}