{"id":2369,"date":"2024-05-23T10:22:58","date_gmt":"2024-05-23T10:22:58","guid":{"rendered":"https:\/\/mrg.k8s.live.devhoop.com\/?page_id=2369"},"modified":"2025-11-11T13:12:43","modified_gmt":"2025-11-11T11:12:43","slug":"facciate-incollate-in-gres-porcellanato","status":"publish","type":"page","link":"https:\/\/www.mrgengineering.it\/en\/products\/bonded-in-gres-porcelain-facades\/","title":{"rendered":"Facciate incollate in gres porcellanato"},"content":{"rendered":"<div data-elementor-type=\"wp-page\" data-elementor-id=\"2369\" class=\"elementor elementor-2369\" data-elementor-post-type=\"page\">\n\t\t\t\t<div class=\"elementor-element elementor-element-b2d3d14 e-con-full e-flex e-con e-parent\" data-id=\"b2d3d14\" data-element_type=\"container\">\n\t\t\t\t<div class=\"elementor-element elementor-element-1016e04 elementor--h-position-left elementor--v-position-bottom elementor-arrows-position-inside elementor-pagination-position-inside elementor-widget elementor-widget-slides\" data-id=\"1016e04\" data-element_type=\"widget\" data-settings=\"{&quot;navigation&quot;:&quot;both&quot;,&quot;autoplay&quot;:&quot;yes&quot;,&quot;pause_on_hover&quot;:&quot;yes&quot;,&quot;pause_on_interaction&quot;:&quot;yes&quot;,&quot;autoplay_speed&quot;:5000,&quot;infinite&quot;:&quot;yes&quot;,&quot;transition&quot;:&quot;slide&quot;,&quot;transition_speed&quot;:500}\" data-widget_type=\"slides.default\">\n\t\t\t\t<div class=\"elementor-widget-container\">\n\t\t\t\t\t\t\t\t\t<div class=\"elementor-swiper\">\n\t\t\t\t\t<div class=\"elementor-slides-wrapper elementor-main-swiper swiper\" role=\"region\" aria-roledescription=\"carousel\" aria-label=\"Slides\" dir=\"ltr\" data-animation=\"fadeInUp\">\n\t\t\t\t<div class=\"swiper-wrapper elementor-slides\">\n\t\t\t\t\t\t\t\t\t\t<div class=\"elementor-repeater-item-e7bf693 swiper-slide\" role=\"group\" aria-roledescription=\"slide\"><div class=\"swiper-slide-bg\" role=\"img\"><\/div><div class=\"swiper-slide-inner\" ><div class=\"swiper-slide-contents\"><div class=\"elementor-slide-heading\">Glued fa\u00e7ades<\/div><div class=\"elementor-slide-description\">Discover our solutions<\/div><\/div><\/div><\/div>\t\t\t\t<\/div>\n\t\t\t\t\t\t\t<\/div>\n\t\t\t\t<\/div>\n\t\t\t\t\t\t\t\t<\/div>\n\t\t\t\t<\/div>\n\t\t\t\t<\/div>\n\t\t<div class=\"elementor-element elementor-element-568ab1b e-con-full e-flex e-con e-parent\" data-id=\"568ab1b\" data-element_type=\"container\">\n\t\t\t\t<div class=\"elementor-element elementor-element-20f4a32 elementor-widget elementor-widget-heading\" data-id=\"20f4a32\" data-element_type=\"widget\" data-widget_type=\"heading.default\">\n\t\t\t\t<div class=\"elementor-widget-container\">\n\t\t\t\t\t<h2 class=\"elementor-heading-title elementor-size-default\">What is a glued fa\u00e7ade?<\/h2>\t\t\t\t<\/div>\n\t\t\t\t<\/div>\n\t\t\t\t<div class=\"elementor-element elementor-element-5188d16 elementor-widget elementor-widget-text-editor\" data-id=\"5188d16\" data-element_type=\"widget\" data-widget_type=\"text-editor.default\">\n\t\t\t\t<div class=\"elementor-widget-container\">\n\t\t\t\t\t\t\t\t\t<p class=\"translation-block\"><b>Glued fa\u00e7ades<\/b> use structural adhesives - which comply with safety regulations and certifications - to secure the cladding panels to the load-bearing wall. Endurance and reliability tests ensure that the system is able to withstand loads and adverse environmental conditions.<\/p><p><span style=\"font-weight: 400;\">This type of solution offers several advantages, including:\u00a0<\/span><b><\/b><\/p><ul><li aria-level=\"1\"><b>Clean aesthetics<\/b><span style=\"font-weight: 400;\">: no visible fixings.<\/span><\/li><li aria-level=\"1\" class=\"translation-block\"><b>Durability<\/b><span style=\"font-weight: 400\">: high resistance to weathering.<\/span><\/li><li aria-level=\"1\"><b style=\"font-style: inherit;\">Design flexibility<\/b><span style=\"font-weight: 400;\">: possibility of using a wide range of materials and finishes<\/span><\/li><\/ul>\t\t\t\t\t\t\t\t<\/div>\n\t\t\t\t<\/div>\n\t\t\t\t<div class=\"elementor-element elementor-element-d22398a elementor-widget elementor-widget-heading\" data-id=\"d22398a\" data-element_type=\"widget\" data-widget_type=\"heading.default\">\n\t\t\t\t<div class=\"elementor-widget-container\">\n\t\t\t\t\t<h2 class=\"elementor-heading-title elementor-size-default\">Design and aesthetics of glued fa\u00e7ades in porcelain stoneware<\/h2>\t\t\t\t<\/div>\n\t\t\t\t<\/div>\n\t\t\t\t<div class=\"elementor-element elementor-element-74ef6fe elementor-widget elementor-widget-text-editor\" data-id=\"74ef6fe\" data-element_type=\"widget\" data-widget_type=\"text-editor.default\">\n\t\t\t\t<div class=\"elementor-widget-container\">\n\t\t\t\t\t\t\t\t\t<p class=\"translation-block\"><b>This type of fa\u00e7ade offers great design flexibility. <\/b>Architects and designers can choose from a wide range of materials and finishes to give life to unique and contemporary designs..<br><br>\n\nSuitable for high-end commercial and residential buildings, applications for this type of fa\u00e7ade include <b>luxury designs<\/b>, where aesthetics are a determining factor, and <b>modern buildings<\/b> requiring innovative and durable solutions.<\/p>\t\t\t\t\t\t\t\t<\/div>\n\t\t\t\t<\/div>\n\t\t\t\t<div class=\"elementor-element elementor-element-1524186 elementor-widget elementor-widget-heading\" data-id=\"1524186\" data-element_type=\"widget\" data-widget_type=\"heading.default\">\n\t\t\t\t<div class=\"elementor-widget-container\">\n\t\t\t\t\t<h3 class=\"elementor-heading-title elementor-size-default\">Environmental Sustainability<\/h3>\t\t\t\t<\/div>\n\t\t\t\t<\/div>\n\t\t\t\t<div class=\"elementor-element elementor-element-938a8b8 elementor-widget elementor-widget-text-editor\" data-id=\"938a8b8\" data-element_type=\"widget\" data-widget_type=\"text-editor.default\">\n\t\t\t\t<div class=\"elementor-widget-container\">\n\t\t\t\t\t\t\t\t\t<p class=\"translation-block\"><b>Glued fa\u00e7ades in porcelain stoneware <\/b>offer durable solutions with <b>reduced environmental impact<\/b>. This makes them an excellent choice in construction for sustainable and environmentally friendly buildings.<\/p>\t\t\t\t\t\t\t\t<\/div>\n\t\t\t\t<\/div>\n\t\t\t\t<\/div>\n\t\t<div data-dce-background-color=\"#F7F7F7\" class=\"elementor-element elementor-element-8d35483 e-con-full e-flex e-con e-parent\" data-id=\"8d35483\" data-element_type=\"container\" data-settings=\"{&quot;background_background&quot;:&quot;classic&quot;}\">\n\t\t<div class=\"elementor-element elementor-element-f602c8e e-flex e-con-boxed e-con e-child\" data-id=\"f602c8e\" data-element_type=\"container\">\n\t\t\t\t\t<div class=\"e-con-inner\">\n\t\t\t\t<div class=\"elementor-element elementor-element-0e5b10e elementor-widget elementor-widget-image\" data-id=\"0e5b10e\" data-element_type=\"widget\" data-widget_type=\"image.default\">\n\t\t\t\t<div class=\"elementor-widget-container\">\n\t\t\t\t\t\t\t\t\t\t\t\t\t\t\t<img fetchpriority=\"high\" decoding=\"async\" width=\"1000\" height=\"738\" src=\"https:\/\/www.mrgengineering.it\/wp-content\/uploads\/2025\/07\/mefis-intro.jpg\" class=\"attachment-full size-full wp-image-4385\" alt=\"\" srcset=\"https:\/\/www.mrgengineering.it\/wp-content\/uploads\/2025\/07\/mefis-intro.jpg 1000w, https:\/\/www.mrgengineering.it\/wp-content\/uploads\/2025\/07\/mefis-intro-300x221.jpg 300w, https:\/\/www.mrgengineering.it\/wp-content\/uploads\/2025\/07\/mefis-intro-768x567.jpg 768w, https:\/\/www.mrgengineering.it\/wp-content\/uploads\/2025\/07\/mefis-intro-16x12.jpg 16w\" sizes=\"(max-width: 1000px) 100vw, 1000px\" \/>\t\t\t\t\t\t\t\t\t\t\t\t\t\t\t<\/div>\n\t\t\t\t<\/div>\n\t\t\t\t\t<\/div>\n\t\t\t\t<\/div>\n\t\t<div class=\"elementor-element elementor-element-6910632 e-flex e-con-boxed e-con e-child\" data-id=\"6910632\" data-element_type=\"container\">\n\t\t\t\t\t<div class=\"e-con-inner\">\n\t\t<div class=\"elementor-element elementor-element-d3c1bb6 e-flex e-con-boxed e-con e-child\" data-id=\"d3c1bb6\" data-element_type=\"container\">\n\t\t\t\t\t<div class=\"e-con-inner\">\n\t\t\t\t<div class=\"elementor-element elementor-element-7b594b8 elementor-widget elementor-widget-heading\" data-id=\"7b594b8\" data-element_type=\"widget\" data-widget_type=\"heading.default\">\n\t\t\t\t<div class=\"elementor-widget-container\">\n\t\t\t\t\t<h2 class=\"elementor-heading-title elementor-size-default\">MEFIS System\n<\/h2>\t\t\t\t<\/div>\n\t\t\t\t<\/div>\n\t\t\t\t<div class=\"elementor-element elementor-element-3dc391e elementor-widget elementor-widget-text-editor\" data-id=\"3dc391e\" data-element_type=\"widget\" data-widget_type=\"text-editor.default\">\n\t\t\t\t<div class=\"elementor-widget-container\">\n\t\t\t\t\t\t\t\t\t<p class=\"translation-block\">MEFIS is the new system from MRG ENGINEERING for the insulation of fa\u00e7ades and external cladding, consisting of porcelain stoneware slabs anchored to panels in EPS. It is a revolutionary, simple, effective and aesthetically pleasing solution, ideal for architecture and construction.<\/p>\t\t\t\t\t\t\t\t<\/div>\n\t\t\t\t<\/div>\n\t\t\t\t<div class=\"elementor-element elementor-element-04bbeec elementor-align-left elementor-widget elementor-widget-button\" data-id=\"04bbeec\" data-element_type=\"widget\" data-widget_type=\"button.default\">\n\t\t\t\t<div class=\"elementor-widget-container\">\n\t\t\t\t\t\t\t\t\t<div class=\"elementor-button-wrapper\">\n\t\t\t\t\t<a class=\"elementor-button elementor-button-link elementor-size-sm\" href=\"\/en\/products\/mefis-system\/\">\n\t\t\t\t\t\t<span class=\"elementor-button-content-wrapper\">\n\t\t\t\t\t\t<span class=\"elementor-button-icon\">\n\t\t\t\t<svg aria-hidden=\"true\" class=\"e-font-icon-svg e-fas-arrow-right\" viewbox=\"0 0 448 512\" xmlns=\"http:\/\/www.w3.org\/2000\/svg\"><path d=\"M190.5 66.9l22.2-22.2c9.4-9.4 24.6-9.4 33.9 0L441 239c9.4 9.4 9.4 24.6 0 33.9L246.6 467.3c-9.4 9.4-24.6 9.4-33.9 0l-22.2-22.2c-9.5-9.5-9.3-25 .4-34.3L311.4 296H24c-13.3 0-24-10.7-24-24v-32c0-13.3 10.7-24 24-24h287.4L190.9 101.2c-9.8-9.3-10-24.8-.4-34.3z\"><\/path><\/svg>\t\t\t<\/span>\n\t\t\t\t\t\t\t\t\t<span class=\"elementor-button-text\">Explore<\/span>\n\t\t\t\t\t<\/span>\n\t\t\t\t\t<\/a>\n\t\t\t\t<\/div>\n\t\t\t\t\t\t\t\t<\/div>\n\t\t\t\t<\/div>\n\t\t\t\t\t<\/div>\n\t\t\t\t<\/div>\n\t\t\t\t\t<\/div>\n\t\t\t\t<\/div>\n\t\t\t\t<\/div>\n\t\t<div data-dce-background-color=\"#F7F7F7\" class=\"elementor-element elementor-element-0fac459 e-con-full e-flex e-con e-parent\" data-id=\"0fac459\" data-element_type=\"container\" data-settings=\"{&quot;background_background&quot;:&quot;classic&quot;}\">\n\t\t<div class=\"elementor-element elementor-element-01d6b2f e-flex e-con-boxed e-con e-child\" data-id=\"01d6b2f\" data-element_type=\"container\">\n\t\t\t\t\t<div class=\"e-con-inner\">\n\t\t<div class=\"elementor-element elementor-element-4e802fd e-flex e-con-boxed e-con e-child\" data-id=\"4e802fd\" data-element_type=\"container\">\n\t\t\t\t\t<div class=\"e-con-inner\">\n\t\t\t\t<div class=\"elementor-element elementor-element-044ed75 elementor-widget elementor-widget-heading\" data-id=\"044ed75\" data-element_type=\"widget\" data-widget_type=\"heading.default\">\n\t\t\t\t<div class=\"elementor-widget-container\">\n\t\t\t\t\t<h2 class=\"elementor-heading-title elementor-size-default\">T-FIX System\n<\/h2>\t\t\t\t<\/div>\n\t\t\t\t<\/div>\n\t\t\t\t<div class=\"elementor-element elementor-element-82cb119 elementor-widget elementor-widget-text-editor\" data-id=\"82cb119\" data-element_type=\"widget\" data-widget_type=\"text-editor.default\">\n\t\t\t\t<div class=\"elementor-widget-container\">\n\t\t\t\t\t\t\t\t\t<p><span style=\"font-weight: 400;\">Porcelain stoneware slabs can be glued directly onto the external plaster after the substrate has been checked in accordance with the regulations in force. However, mechanical fixings must be used to ensure safe laying when sizes exceed 30 cm.<\/span><\/p>\t\t\t\t\t\t\t\t<\/div>\n\t\t\t\t<\/div>\n\t\t\t\t<div class=\"elementor-element elementor-element-cda00dd elementor-align-left elementor-widget elementor-widget-button\" data-id=\"cda00dd\" data-element_type=\"widget\" data-widget_type=\"button.default\">\n\t\t\t\t<div class=\"elementor-widget-container\">\n\t\t\t\t\t\t\t\t\t<div class=\"elementor-button-wrapper\">\n\t\t\t\t\t<a class=\"elementor-button elementor-button-link elementor-size-sm\" href=\"\/en\/products\/t-fix-system\/\">\n\t\t\t\t\t\t<span class=\"elementor-button-content-wrapper\">\n\t\t\t\t\t\t<span class=\"elementor-button-icon\">\n\t\t\t\t<svg aria-hidden=\"true\" class=\"e-font-icon-svg e-fas-arrow-right\" viewbox=\"0 0 448 512\" xmlns=\"http:\/\/www.w3.org\/2000\/svg\"><path d=\"M190.5 66.9l22.2-22.2c9.4-9.4 24.6-9.4 33.9 0L441 239c9.4 9.4 9.4 24.6 0 33.9L246.6 467.3c-9.4 9.4-24.6 9.4-33.9 0l-22.2-22.2c-9.5-9.5-9.3-25 .4-34.3L311.4 296H24c-13.3 0-24-10.7-24-24v-32c0-13.3 10.7-24 24-24h287.4L190.9 101.2c-9.8-9.3-10-24.8-.4-34.3z\"><\/path><\/svg>\t\t\t<\/span>\n\t\t\t\t\t\t\t\t\t<span class=\"elementor-button-text\">Explore<\/span>\n\t\t\t\t\t<\/span>\n\t\t\t\t\t<\/a>\n\t\t\t\t<\/div>\n\t\t\t\t\t\t\t\t<\/div>\n\t\t\t\t<\/div>\n\t\t\t\t\t<\/div>\n\t\t\t\t<\/div>\n\t\t\t\t\t<\/div>\n\t\t\t\t<\/div>\n\t\t<div class=\"elementor-element elementor-element-dd1a406 e-flex e-con-boxed e-con e-child\" data-id=\"dd1a406\" data-element_type=\"container\">\n\t\t\t\t\t<div class=\"e-con-inner\">\n\t\t\t\t<div class=\"elementor-element elementor-element-a1416ee elementor-widget elementor-widget-image\" data-id=\"a1416ee\" data-element_type=\"widget\" data-widget_type=\"image.default\">\n\t\t\t\t<div class=\"elementor-widget-container\">\n\t\t\t\t\t\t\t\t\t\t\t\t\t\t\t<img decoding=\"async\" width=\"1000\" height=\"738\" src=\"https:\/\/www.mrgengineering.it\/wp-content\/uploads\/2024\/11\/box-tfxi.jpg\" class=\"attachment-full size-full wp-image-3714\" alt=\"\" srcset=\"https:\/\/www.mrgengineering.it\/wp-content\/uploads\/2024\/11\/box-tfxi.jpg 1000w, https:\/\/www.mrgengineering.it\/wp-content\/uploads\/2024\/11\/box-tfxi-300x221.jpg 300w, https:\/\/www.mrgengineering.it\/wp-content\/uploads\/2024\/11\/box-tfxi-768x567.jpg 768w\" sizes=\"(max-width: 1000px) 100vw, 1000px\" \/>\t\t\t\t\t\t\t\t\t\t\t\t\t\t\t<\/div>\n\t\t\t\t<\/div>\n\t\t\t\t\t<\/div>\n\t\t\t\t<\/div>\n\t\t\t\t<\/div>\n\t\t\t\t<\/div>","protected":false},"excerpt":{"rendered":"<p>Facciate incollateScopri le nostre soluzioni Che cos\u2019\u00e8 una facciata incollata? Le facciate incollate utilizzano adesivi strutturali per fissare i pannelli di rivestimento alla parete portante. Questo tipo di soluzione offre diversi vantaggi, tra cui:\u00a0 Estetica pulita: assenza di fissaggi visibili. Durabilit\u00e0: elevata resistenza agli agenti atmosferici. Flessibilit\u00e0 di design: possibilit\u00e0 di utilizzare una vasta gamma &hellip;<\/p>\n<p class=\"read-more\"> <a class=\"\" href=\"https:\/\/www.mrgengineering.it\/en\/products\/bonded-in-gres-porcelain-facades\/\"> <span class=\"screen-reader-text\">Facciate incollate in gres porcellanato<\/span> Read More &raquo;<\/a><\/p>","protected":false},"author":1,"featured_media":2323,"parent":2363,"menu_order":0,"comment_status":"closed","ping_status":"closed","template":"","meta":{"site-sidebar-layout":"no-sidebar","site-content-layout":"page-builder","ast-global-header-display":"","ast-main-header-display":"","ast-hfb-above-header-display":"","ast-hfb-below-header-display":"","ast-hfb-mobile-header-display":"","site-post-title":"disabled","ast-breadcrumbs-content":"","ast-featured-img":"disabled","footer-sml-layout":"","theme-transparent-header-meta":"","adv-header-id-meta":"","stick-header-meta":"","header-above-stick-meta":"","header-main-stick-meta":"","header-below-stick-meta":"","footnotes":""},"class_list":["post-2369","page","type-page","status-publish","has-post-thumbnail","hentry"],"acf":[],"yoast_head":"<!-- This site is optimized with the Yoast SEO plugin v25.2 - https:\/\/yoast.com\/wordpress\/plugins\/seo\/ -->\n<title>Facciate incollate in gres porcellanato: estetica, durabilit\u00e0 e design<\/title>\n<meta name=\"description\" content=\"Scopri i vantaggi delle facciate incollate: estetica pulita, resistenza agli agenti atmosferici e flessibilit\u00e0 di design con materiali innovativi.\" \/>\n<meta name=\"robots\" content=\"index, follow, max-snippet:-1, max-image-preview:large, max-video-preview:-1\" \/>\n<link rel=\"canonical\" href=\"https:\/\/www.mrgengineering.it\/en\/products\/bonded-in-gres-porcelain-facades\/\" \/>\n<meta property=\"og:locale\" content=\"en_GB\" \/>\n<meta property=\"og:type\" content=\"article\" \/>\n<meta property=\"og:title\" content=\"Facciate incollate in gres porcellanato: estetica, durabilit\u00e0 e design\" \/>\n<meta property=\"og:description\" content=\"Scopri i vantaggi delle facciate incollate: estetica pulita, resistenza agli agenti atmosferici e flessibilit\u00e0 di design con materiali innovativi.\" \/>\n<meta property=\"og:url\" content=\"https:\/\/www.mrgengineering.it\/en\/products\/bonded-in-gres-porcelain-facades\/\" \/>\n<meta property=\"og:site_name\" content=\"MRG Engineering\" \/>\n<meta property=\"article:modified_time\" content=\"2025-11-11T11:12:43+00:00\" \/>\n<meta property=\"og:image\" content=\"https:\/\/www.mrgengineering.it\/wp-content\/uploads\/2024\/05\/Progetti-con-facciate-ventilate-ad-aggancio-invisibile.jpg\" \/>\n\t<meta property=\"og:image:width\" content=\"1000\" \/>\n\t<meta property=\"og:image:height\" content=\"738\" \/>\n\t<meta property=\"og:image:type\" content=\"image\/jpeg\" \/>\n<meta name=\"twitter:card\" content=\"summary_large_image\" \/>\n<meta name=\"twitter:label1\" content=\"Estimated reading time\" \/>\n\t<meta name=\"twitter:data1\" content=\"2 minutes\" \/>\n<script type=\"application\/ld+json\" class=\"yoast-schema-graph\">{\"@context\":\"https:\/\/schema.org\",\"@graph\":[{\"@type\":\"WebPage\",\"@id\":\"https:\/\/www.mrgengineering.it\/prodotti\/facciate-incollate-in-gres-porcellanato\/\",\"url\":\"https:\/\/www.mrgengineering.it\/prodotti\/facciate-incollate-in-gres-porcellanato\/\",\"name\":\"Facciate incollate in gres porcellanato: estetica, durabilit\u00e0 e design\",\"isPartOf\":{\"@id\":\"https:\/\/www.mrgengineering.it\/#website\"},\"primaryImageOfPage\":{\"@id\":\"https:\/\/www.mrgengineering.it\/prodotti\/facciate-incollate-in-gres-porcellanato\/#primaryimage\"},\"image\":{\"@id\":\"https:\/\/www.mrgengineering.it\/prodotti\/facciate-incollate-in-gres-porcellanato\/#primaryimage\"},\"thumbnailUrl\":\"https:\/\/www.mrgengineering.it\/wp-content\/uploads\/2024\/05\/Progetti-con-facciate-ventilate-ad-aggancio-invisibile.jpg\",\"datePublished\":\"2024-05-23T10:22:58+00:00\",\"dateModified\":\"2025-11-11T11:12:43+00:00\",\"description\":\"Scopri i vantaggi delle facciate incollate: estetica pulita, resistenza agli agenti atmosferici e flessibilit\u00e0 di design con materiali innovativi.\",\"breadcrumb\":{\"@id\":\"https:\/\/www.mrgengineering.it\/prodotti\/facciate-incollate-in-gres-porcellanato\/#breadcrumb\"},\"inLanguage\":\"en-GB\",\"potentialAction\":[{\"@type\":\"ReadAction\",\"target\":[\"https:\/\/www.mrgengineering.it\/prodotti\/facciate-incollate-in-gres-porcellanato\/\"]}]},{\"@type\":\"ImageObject\",\"inLanguage\":\"en-GB\",\"@id\":\"https:\/\/www.mrgengineering.it\/prodotti\/facciate-incollate-in-gres-porcellanato\/#primaryimage\",\"url\":\"https:\/\/www.mrgengineering.it\/wp-content\/uploads\/2024\/05\/Progetti-con-facciate-ventilate-ad-aggancio-invisibile.jpg\",\"contentUrl\":\"https:\/\/www.mrgengineering.it\/wp-content\/uploads\/2024\/05\/Progetti-con-facciate-ventilate-ad-aggancio-invisibile.jpg\",\"width\":1000,\"height\":738},{\"@type\":\"BreadcrumbList\",\"@id\":\"https:\/\/www.mrgengineering.it\/prodotti\/facciate-incollate-in-gres-porcellanato\/#breadcrumb\",\"itemListElement\":[{\"@type\":\"ListItem\",\"position\":1,\"name\":\"Home\",\"item\":\"https:\/\/www.mrgengineering.it\/\"},{\"@type\":\"ListItem\",\"position\":2,\"name\":\"Prodotti\",\"item\":\"https:\/\/www.mrgengineering.it\/prodotti\/\"},{\"@type\":\"ListItem\",\"position\":3,\"name\":\"Facciate incollate in gres porcellanato\"}]},{\"@type\":\"WebSite\",\"@id\":\"https:\/\/www.mrgengineering.it\/#website\",\"url\":\"https:\/\/www.mrgengineering.it\/\",\"name\":\"MRG Engineering\",\"description\":\"\",\"publisher\":{\"@id\":\"https:\/\/www.mrgengineering.it\/#organization\"},\"potentialAction\":[{\"@type\":\"SearchAction\",\"target\":{\"@type\":\"EntryPoint\",\"urlTemplate\":\"https:\/\/www.mrgengineering.it\/?s={search_term_string}\"},\"query-input\":{\"@type\":\"PropertyValueSpecification\",\"valueRequired\":true,\"valueName\":\"search_term_string\"}}],\"inLanguage\":\"en-GB\"},{\"@type\":\"Organization\",\"@id\":\"https:\/\/www.mrgengineering.it\/#organization\",\"name\":\"MRG Engineering\",\"url\":\"https:\/\/www.mrgengineering.it\/\",\"logo\":{\"@type\":\"ImageObject\",\"inLanguage\":\"en-GB\",\"@id\":\"https:\/\/www.mrgengineering.it\/#\/schema\/logo\/image\/\",\"url\":\"https:\/\/www.mrgengineering.it\/wp-content\/uploads\/2024\/03\/LOGO-1.svg\",\"contentUrl\":\"https:\/\/www.mrgengineering.it\/wp-content\/uploads\/2024\/03\/LOGO-1.svg\",\"width\":331,\"height\":130,\"caption\":\"MRG Engineering\"},\"image\":{\"@id\":\"https:\/\/www.mrgengineering.it\/#\/schema\/logo\/image\/\"}}]}<\/script>\n<!-- \/ Yoast SEO plugin. -->","yoast_head_json":{"title":"Facciate incollate in gres porcellanato: estetica, durabilit\u00e0 e design","description":"Scopri i vantaggi delle facciate incollate: estetica pulita, resistenza agli agenti atmosferici e flessibilit\u00e0 di design con materiali innovativi.","robots":{"index":"index","follow":"follow","max-snippet":"max-snippet:-1","max-image-preview":"max-image-preview:large","max-video-preview":"max-video-preview:-1"},"canonical":"https:\/\/www.mrgengineering.it\/en\/products\/bonded-in-gres-porcelain-facades\/","og_locale":"en_GB","og_type":"article","og_title":"Facciate incollate in gres porcellanato: estetica, durabilit\u00e0 e design","og_description":"Scopri i vantaggi delle facciate incollate: estetica pulita, resistenza agli agenti atmosferici e flessibilit\u00e0 di design con materiali innovativi.","og_url":"https:\/\/www.mrgengineering.it\/en\/products\/bonded-in-gres-porcelain-facades\/","og_site_name":"MRG Engineering","article_modified_time":"2025-11-11T11:12:43+00:00","og_image":[{"width":1000,"height":738,"url":"https:\/\/www.mrgengineering.it\/wp-content\/uploads\/2024\/05\/Progetti-con-facciate-ventilate-ad-aggancio-invisibile.jpg","type":"image\/jpeg"}],"twitter_card":"summary_large_image","twitter_misc":{"Estimated reading time":"2 minutes"},"schema":{"@context":"https:\/\/schema.org","@graph":[{"@type":"WebPage","@id":"https:\/\/www.mrgengineering.it\/prodotti\/facciate-incollate-in-gres-porcellanato\/","url":"https:\/\/www.mrgengineering.it\/prodotti\/facciate-incollate-in-gres-porcellanato\/","name":"Facciate incollate in gres porcellanato: estetica, durabilit\u00e0 e design","isPartOf":{"@id":"https:\/\/www.mrgengineering.it\/#website"},"primaryImageOfPage":{"@id":"https:\/\/www.mrgengineering.it\/prodotti\/facciate-incollate-in-gres-porcellanato\/#primaryimage"},"image":{"@id":"https:\/\/www.mrgengineering.it\/prodotti\/facciate-incollate-in-gres-porcellanato\/#primaryimage"},"thumbnailUrl":"https:\/\/www.mrgengineering.it\/wp-content\/uploads\/2024\/05\/Progetti-con-facciate-ventilate-ad-aggancio-invisibile.jpg","datePublished":"2024-05-23T10:22:58+00:00","dateModified":"2025-11-11T11:12:43+00:00","description":"Scopri i vantaggi delle facciate incollate: estetica pulita, resistenza agli agenti atmosferici e flessibilit\u00e0 di design con materiali innovativi.","breadcrumb":{"@id":"https:\/\/www.mrgengineering.it\/prodotti\/facciate-incollate-in-gres-porcellanato\/#breadcrumb"},"inLanguage":"en-GB","potentialAction":[{"@type":"ReadAction","target":["https:\/\/www.mrgengineering.it\/prodotti\/facciate-incollate-in-gres-porcellanato\/"]}]},{"@type":"ImageObject","inLanguage":"en-GB","@id":"https:\/\/www.mrgengineering.it\/prodotti\/facciate-incollate-in-gres-porcellanato\/#primaryimage","url":"https:\/\/www.mrgengineering.it\/wp-content\/uploads\/2024\/05\/Progetti-con-facciate-ventilate-ad-aggancio-invisibile.jpg","contentUrl":"https:\/\/www.mrgengineering.it\/wp-content\/uploads\/2024\/05\/Progetti-con-facciate-ventilate-ad-aggancio-invisibile.jpg","width":1000,"height":738},{"@type":"BreadcrumbList","@id":"https:\/\/www.mrgengineering.it\/prodotti\/facciate-incollate-in-gres-porcellanato\/#breadcrumb","itemListElement":[{"@type":"ListItem","position":1,"name":"Home","item":"https:\/\/www.mrgengineering.it\/"},{"@type":"ListItem","position":2,"name":"Prodotti","item":"https:\/\/www.mrgengineering.it\/prodotti\/"},{"@type":"ListItem","position":3,"name":"Facciate incollate in gres porcellanato"}]},{"@type":"WebSite","@id":"https:\/\/www.mrgengineering.it\/#website","url":"https:\/\/www.mrgengineering.it\/","name":"MRG Engineering","description":"","publisher":{"@id":"https:\/\/www.mrgengineering.it\/#organization"},"potentialAction":[{"@type":"SearchAction","target":{"@type":"EntryPoint","urlTemplate":"https:\/\/www.mrgengineering.it\/?s={search_term_string}"},"query-input":{"@type":"PropertyValueSpecification","valueRequired":true,"valueName":"search_term_string"}}],"inLanguage":"en-GB"},{"@type":"Organization","@id":"https:\/\/www.mrgengineering.it\/#organization","name":"MRG Engineering","url":"https:\/\/www.mrgengineering.it\/","logo":{"@type":"ImageObject","inLanguage":"en-GB","@id":"https:\/\/www.mrgengineering.it\/#\/schema\/logo\/image\/","url":"https:\/\/www.mrgengineering.it\/wp-content\/uploads\/2024\/03\/LOGO-1.svg","contentUrl":"https:\/\/www.mrgengineering.it\/wp-content\/uploads\/2024\/03\/LOGO-1.svg","width":331,"height":130,"caption":"MRG Engineering"},"image":{"@id":"https:\/\/www.mrgengineering.it\/#\/schema\/logo\/image\/"}}]}},"_links":{"self":[{"href":"https:\/\/www.mrgengineering.it\/en\/wp-json\/wp\/v2\/pages\/2369","targetHints":{"allow":["GET"]}}],"collection":[{"href":"https:\/\/www.mrgengineering.it\/en\/wp-json\/wp\/v2\/pages"}],"about":[{"href":"https:\/\/www.mrgengineering.it\/en\/wp-json\/wp\/v2\/types\/page"}],"author":[{"embeddable":true,"href":"https:\/\/www.mrgengineering.it\/en\/wp-json\/wp\/v2\/users\/1"}],"replies":[{"embeddable":true,"href":"https:\/\/www.mrgengineering.it\/en\/wp-json\/wp\/v2\/comments?post=2369"}],"version-history":[{"count":118,"href":"https:\/\/www.mrgengineering.it\/en\/wp-json\/wp\/v2\/pages\/2369\/revisions"}],"predecessor-version":[{"id":4886,"href":"https:\/\/www.mrgengineering.it\/en\/wp-json\/wp\/v2\/pages\/2369\/revisions\/4886"}],"up":[{"embeddable":true,"href":"https:\/\/www.mrgengineering.it\/en\/wp-json\/wp\/v2\/pages\/2363"}],"wp:featuredmedia":[{"embeddable":true,"href":"https:\/\/www.mrgengineering.it\/en\/wp-json\/wp\/v2\/media\/2323"}],"wp:attachment":[{"href":"https:\/\/www.mrgengineering.it\/en\/wp-json\/wp\/v2\/media?parent=2369"}],"curies":[{"name":"wp","href":"https:\/\/api.w.org\/{rel}","templated":true}]}}